{"id":10,"date":"2020-07-24T08:15:14","date_gmt":"2020-07-24T06:15:14","guid":{"rendered":"http:\/\/weatherstations-online.net\/?page_id=10"},"modified":"2020-08-10T20:55:59","modified_gmt":"2020-08-10T18:55:59","slug":"impressum","status":"publish","type":"page","link":"https:\/\/weatherstations-online.net\/de\/impressum\/","title":{"rendered":"Impressum"},"content":{"rendered":"\n<p><strong>sooy media ek<\/strong><br>Albert-Braun-Str.16H, 76189 Karlsruhe<br>Michael Bilger<br>Finanzamt Karlsruhe, 35052 10373<br>UST-ID: DE20582899<\/p>\n\n\n\n<p>Telefon: +49 (0) 1805 \u2013 750 751*<br>E-Mail: info@sooy.de<\/p>\n\n\n\n<p><a href=\"http:\/\/wetterstationen-online.de\/datenschutzerklaerung\/\">Unsere Datenschutzerkl\u00e4rung gem\u00e4\u00df DSGVO<\/a><\/p>\n\n\n<p>Sie haben ein Problem oder m\u00f6chten Kontakt mit uns aufnehmen? Bitte nutzen Sie unser Ticketsystem: <a href=\"https:\/\/weatherstations-online.net\/de\/helpdesk\/\">https:\/\/weatherstations-online.net\/de\/helpdesk\/<\/a><\/p>","protected":false},"excerpt":{"rendered":"<p>sooy media ekAlbert-Braun-Str.16H, 76189 KarlsruheMichael BilgerFinanzamt Karlsruhe, 35052 10373UST-ID: DE20582899 Telefon: +49 (0) 1805 \u2013 750 751*E-Mail: info@sooy.de Unsere Datenschutzerkl\u00e4rung gem\u00e4\u00df DSGVO Sie haben ein Problem oder m\u00f6chten Kontakt mit uns aufnehmen? Bitte nutzen Sie unser Ticketsystem: https:\/\/weatherstations-online.net\/de\/helpdesk\/<\/p>\n","protected":false},"author":2,"featured_media":0,"parent":0,"menu_order":0,"comment_status":"closed","ping_status":"closed","template":"","meta":{"footnotes":""},"class_list":["post-10","page","type-page","status-publish"],"translation":{"provider":"WPGlobus","version":"3.0.2","language":"de","enabled_languages":["en","de"],"languages":{"en":{"title":true,"content":true,"excerpt":false},"de":{"title":true,"content":true,"excerpt":false}}},"_links":{"self":[{"href":"https:\/\/weatherstations-online.net\/de\/wp-json\/wp\/v2\/pages\/10","targetHints":{"allow":["GET"]}}],"collection":[{"href":"https:\/\/weatherstations-online.net\/de\/wp-json\/wp\/v2\/pages"}],"about":[{"href":"https:\/\/weatherstations-online.net\/de\/wp-json\/wp\/v2\/types\/page"}],"author":[{"embeddable":true,"href":"https:\/\/weatherstations-online.net\/de\/wp-json\/wp\/v2\/users\/2"}],"replies":[{"embeddable":true,"href":"https:\/\/weatherstations-online.net\/de\/wp-json\/wp\/v2\/comments?post=10"}],"version-history":[{"count":6,"href":"https:\/\/weatherstations-online.net\/de\/wp-json\/wp\/v2\/pages\/10\/revisions"}],"predecessor-version":[{"id":556,"href":"https:\/\/weatherstations-online.net\/de\/wp-json\/wp\/v2\/pages\/10\/revisions\/556"}],"wp:attachment":[{"href":"https:\/\/weatherstations-online.net\/de\/wp-json\/wp\/v2\/media?parent=10"}],"curies":[{"name":"wp","href":"https:\/\/api.w.org\/{rel}","templated":true}]}}